{"id":12368,"date":"2026-01-16T11:04:05","date_gmt":"2026-01-16T10:04:05","guid":{"rendered":"https:\/\/www.domainesaintmitre.com\/?post_type=product&#038;p=12368"},"modified":"2026-01-16T11:11:34","modified_gmt":"2026-01-16T10:11:34","slug":"cuvee-experienceblanc-de-noirs-2025carton-de-6-bouteilles-copie","status":"publish","type":"product","link":"https:\/\/www.domainesaintmitre.com\/?product=cuvee-experienceblanc-de-noirs-2025carton-de-6-bouteilles-copie","title":{"rendered":"Cuv\u00e9e \u00ab Exp\u00e9rience\u00bb<br\/>Blanc de Noirs 2025<br\/>Carton de 6 bouteilles"},"content":{"rendered":"\t\t<div data-elementor-type=\"product-post\" data-elementor-id=\"12368\" class=\"elementor elementor-12368\" data-elementor-post-type=\"product\">\n\t\t\t\t\t\t<section class=\"elementor-section elementor-top-section elementor-element elementor-element-8c2feb7 elementor-section-boxed elementor-section-height-default elementor-section-height-default\" data-id=\"8c2feb7\" data-element_type=\"section\">\n\t\t\t\t\t\t<div class=\"elementor-container elementor-column-gap-default\">\n\t\t\t\t\t<div class=\"elementor-column elementor-col-100 elementor-top-column elementor-element elementor-element-bddc1cd\" data-id=\"bddc1cd\" data-element_type=\"column\">\n\t\t\t<div class=\"elementor-widget-wrap elementor-element-populated\">\n\t\t\t\t\t\t<div class=\"elementor-element elementor-element-49e99fb elementor-widget elementor-widget-text-editor\" data-id=\"49e99fb\" data-element_type=\"widget\" data-widget_type=\"text-editor.default\">\n\t\t\t\t<div class=\"elementor-widget-container\">\n\t\t\t<style>\/*! elementor - v3.22.0 - 24-06-2024 *\/\n.elementor-widget-text-editor.elementor-drop-cap-view-stacked .elementor-drop-cap{background-color:#69727d;color:#fff}.elementor-widget-text-editor.elementor-drop-cap-view-framed .elementor-drop-cap{color:#69727d;border:3px solid;background-color:transparent}.elementor-widget-text-editor:not(.elementor-drop-cap-view-default) .elementor-drop-cap{margin-top:8px}.elementor-widget-text-editor:not(.elementor-drop-cap-view-default) .elementor-drop-cap-letter{width:1em;height:1em}.elementor-widget-text-editor .elementor-drop-cap{float:left;text-align:center;line-height:1;font-size:50px}.elementor-widget-text-editor .elementor-drop-cap-letter{display:inline-block}<\/style>\t\t\t\t<p>Vin blanc issu de raisins noirs.<br \/>Travail de pr\u00e9cision \u00e0 la r\u00e9ception de la vendange<br \/>S\u00e9paration imm\u00e9diate des 1ers jus de goutte sans pressurage.<br \/>Maturit\u00e9 optimale des raisins \u00e0 peau noire: Grenache Cinsault et Caladoc.<\/p>\t\t\t\t\t\t<\/div>\n\t\t\t\t<\/div>\n\t\t\t\t<div class=\"elementor-element elementor-element-bcf11e2 elementor-widget elementor-widget-heading\" data-id=\"bcf11e2\" data-element_type=\"widget\" data-widget_type=\"heading.default\">\n\t\t\t\t<div class=\"elementor-widget-container\">\n\t\t\t<style>\/*! elementor - v3.22.0 - 24-06-2024 *\/\n.elementor-heading-title{padding:0;margin:0;line-height:1}.elementor-widget-heading .elementor-heading-title[class*=elementor-size-]>a{color:inherit;font-size:inherit;line-height:inherit}.elementor-widget-heading .elementor-heading-title.elementor-size-small{font-size:15px}.elementor-widget-heading .elementor-heading-title.elementor-size-medium{font-size:19px}.elementor-widget-heading .elementor-heading-title.elementor-size-large{font-size:29px}.elementor-widget-heading .elementor-heading-title.elementor-size-xl{font-size:39px}.elementor-widget-heading .elementor-heading-title.elementor-size-xxl{font-size:59px}<\/style><h5 class=\"elementor-heading-title elementor-size-default\">Vinification & \u00e9levage<\/h5>\t\t<\/div>\n\t\t\t\t<\/div>\n\t\t\t\t<div class=\"elementor-element elementor-element-a870834 elementor-widget elementor-widget-text-editor\" data-id=\"a870834\" data-element_type=\"widget\" data-widget_type=\"text-editor.default\">\n\t\t\t\t<div class=\"elementor-widget-container\">\n\t\t\t\t\t\t\t<p>\u00ab sols argilo-calcaires \u00bb<br \/>La vendange se d\u00e9roule tardivement, entre le 10 septembre et le 10 octobre.<br \/>Les nuits sont plus fra\u00eeches sur notre secteur de l\u2019arri\u00e8re-pays varois et notre vignoble est<br \/>situ\u00e9 \u00e0 une altitude de 300 m.<br \/>La r\u00e9colte est r\u00e9alis\u00e9e de fa\u00e7on m\u00e9canique durant la nuit entre 3 et 9 heures le matin.<br \/>Les vignes sont tr\u00e8s proches de notre chai de vinification ce qui permet d\u2019apporter les raisins<br \/>tr\u00e8s rapidement au pressurage.<br \/>Une mac\u00e9ration pelliculaire est r\u00e9alis\u00e9e pendant environ 6 heures afin d\u2019optimiser le potentiel aromatique.<br \/>Le d\u00e9bourbage est effectu\u00e9 \u00e0 froid (maxi 14\u00b0C) pendant 48 \u00e0 72 heures.<br \/>La fermentation alcoolique est lanc\u00e9e \u00e0 15\u00b0C et ensuite thermo-r\u00e9gul\u00e9e entre 16 et 18\u00b0C pendant 10 jours environ.<br \/>Nous proc\u00e9dons ensuite \u00e0 un \u00e9levage sur lies fines en cuves inox pendant 3 \u00e0 4 mois.<br \/>Le vin est ensuite soutir\u00e9 puis filtr\u00e9 fin d\u00e9cembre.<br \/>Il se repose pendant environ 3 mois et est pr\u00eat \u00e0 la d\u00e9gustation autour du 15 mars.<\/p>\t\t\t\t\t\t<\/div>\n\t\t\t\t<\/div>\n\t\t\t\t<div class=\"elementor-element elementor-element-fa4e294 elementor-widget elementor-widget-heading\" data-id=\"fa4e294\" data-element_type=\"widget\" data-widget_type=\"heading.default\">\n\t\t\t\t<div class=\"elementor-widget-container\">\n\t\t\t<h5 class=\"elementor-heading-title elementor-size-default\">Assemblage<\/h5>\t\t<\/div>\n\t\t\t\t<\/div>\n\t\t\t\t<div class=\"elementor-element elementor-element-b141b7c elementor-widget elementor-widget-text-editor\" data-id=\"b141b7c\" data-element_type=\"widget\" data-widget_type=\"text-editor.default\">\n\t\t\t\t<div class=\"elementor-widget-container\">\n\t\t\t\t\t\t\t<p><strong>Cinsault :<\/strong>\u00a060%<br \/><span style=\"font-style: normal; font-variant-ligatures: normal; font-variant-caps: normal; font-weight: bold; font-size: 20px; font-family: 'Cormorant Infant', sans-serif;\">Grenache :<\/span><span style=\"font-family: 'Cormorant Infant', sans-serif; font-size: 20px; font-style: normal; font-variant-ligatures: normal; font-variant-caps: normal; font-weight: 400;\">\u00a020%<br \/><\/span><span style=\"font-style: normal; font-variant-ligatures: normal; font-variant-caps: normal; font-weight: bold; font-size: 20px; font-family: 'Cormorant Infant', sans-serif;\">Caladoc :<\/span><span style=\"font-family: 'Cormorant Infant', sans-serif; font-size: 20px; font-style: normal; font-variant-ligatures: normal; font-variant-caps: normal; font-weight: 400;\">\u00a020%<\/span><\/p>\t\t\t\t\t\t<\/div>\n\t\t\t\t<\/div>\n\t\t\t\t<div class=\"elementor-element elementor-element-13fdd92 elementor-widget elementor-widget-heading\" data-id=\"13fdd92\" data-element_type=\"widget\" data-widget_type=\"heading.default\">\n\t\t\t\t<div class=\"elementor-widget-container\">\n\t\t\t<h5 class=\"elementor-heading-title elementor-size-default\">D\u00e9gustation<\/h5>\t\t<\/div>\n\t\t\t\t<\/div>\n\t\t\t\t<div class=\"elementor-element elementor-element-3b9abdc elementor-widget elementor-widget-text-editor\" data-id=\"3b9abdc\" data-element_type=\"widget\" data-widget_type=\"text-editor.default\">\n\t\t\t\t<div class=\"elementor-widget-container\">\n\t\t\t\t\t\t\t<p><strong>Robe<\/strong> : brillante et p\u00e2le aux reflets blancs<br \/><strong>Nez<\/strong> : complexe et expressif ar\u00f4mes de fruits rouges subtils et notes florales<br \/><strong>Bouche<\/strong> : G\u00e9n\u00e9reuse et intense<br \/>Belle harmonie entre les notes de fruits et un floral d\u00e9licat sur un fond de min\u00e9ralit\u00e9 et de fra\u00eecheur<br \/>Ensemble \u00e9quilibr\u00e9, tout en finesse.<\/p>\t\t\t\t\t\t<\/div>\n\t\t\t\t<\/div>\n\t\t\t\t<div class=\"elementor-element elementor-element-9c35199 elementor-widget elementor-widget-heading\" data-id=\"9c35199\" data-element_type=\"widget\" data-widget_type=\"heading.default\">\n\t\t\t\t<div class=\"elementor-widget-container\">\n\t\t\t<h5 class=\"elementor-heading-title elementor-size-default\">Association Culinaire<\/h5>\t\t<\/div>\n\t\t\t\t<\/div>\n\t\t\t\t<div class=\"elementor-element elementor-element-4373687 elementor-widget elementor-widget-text-editor\" data-id=\"4373687\" data-element_type=\"widget\" data-widget_type=\"text-editor.default\">\n\t\t\t\t<div class=\"elementor-widget-container\">\n\t\t\t\t\t\t\t<p>Servir id\u00e9alement l\u2019ap\u00e9ritif. <br \/>Quelques id\u00e9es : tartare de bar au jus de citron vert et baies roses, brochettes de poulet thym citron, daurade grill\u00e9e aux herbes.<\/p>\t\t\t\t\t\t<\/div>\n\t\t\t\t<\/div>\n\t\t\t\t<div class=\"elementor-element elementor-element-60de08c elementor-widget elementor-widget-button\" data-id=\"60de08c\" data-element_type=\"widget\" data-widget_type=\"button.default\">\n\t\t\t\t<div class=\"elementor-widget-container\">\n\t\t\t\t\t<div class=\"elementor-button-wrapper\">\n\t\t\t<a class=\"elementor-button elementor-button-link elementor-size-sm\" href=\"https:\/\/domainesaintmitre.com\/new\/fichesproduits\/fr\/blcdenoirs.pdf\">\n\t\t\t\t\t\t<span class=\"elementor-button-content-wrapper\">\n\t\t\t\t\t\t\t\t\t<span class=\"elementor-button-text\">T\u00e9l\u00e9chargez la fiche technique en fran\u00e7ais<\/span>\n\t\t\t\t\t<\/span>\n\t\t\t\t\t<\/a>\n\t\t<\/div>\n\t\t\t\t<\/div>\n\t\t\t\t<\/div>\n\t\t\t\t<div class=\"elementor-element elementor-element-db0fd26 elementor-widget elementor-widget-button\" data-id=\"db0fd26\" data-element_type=\"widget\" data-widget_type=\"button.default\">\n\t\t\t\t<div class=\"elementor-widget-container\">\n\t\t\t\t\t<div class=\"elementor-button-wrapper\">\n\t\t\t<a class=\"elementor-button elementor-button-link elementor-size-sm\" href=\"https:\/\/domainesaintmitre.com\/new\/fichesproduits\/en\/blcdenoirsen.pdf\">\n\t\t\t\t\t\t<span class=\"elementor-button-content-wrapper\">\n\t\t\t\t\t\t\t\t\t<span class=\"elementor-button-text\">T\u00e9l\u00e9chargez la fiche technique en anglais<\/span>\n\t\t\t\t\t<\/span>\n\t\t\t\t\t<\/a>\n\t\t<\/div>\n\t\t\t\t<\/div>\n\t\t\t\t<\/div>\n\t\t\t\t\t<\/div>\n\t\t<\/div>\n\t\t\t\t\t<\/div>\n\t\t<\/section>\n\t\t\t\t<\/div>\n\t\t","protected":false},"excerpt":{"rendered":"<h5>IGP Vin de Pays du Var (75 cl) (Carton de 6 bouteilles)<\/h5>\n<p>MINERALITE &amp; DELICATESSE<\/p>\n","protected":false},"featured_media":12369,"template":"","meta":[],"product_cat":[33],"product_tag":[63,60,61,65],"class_list":{"0":"post-12368","1":"product","2":"type-product","3":"status-publish","4":"has-post-thumbnail","6":"product_cat-igp","7":"product_tag-63","8":"product_tag-blanc","9":"product_tag-igp","10":"product_tag-viognier","11":"product_shipping_class-etat-01","13":"first","14":"instock","15":"taxable","16":"shipping-taxable","17":"purchasable","18":"product-type-simple"},"_links":{"self":[{"href":"https:\/\/www.domainesaintmitre.com\/index.php?rest_route=\/wp\/v2\/product\/12368","targetHints":{"allow":["GET"]}}],"collection":[{"href":"https:\/\/www.domainesaintmitre.com\/index.php?rest_route=\/wp\/v2\/product"}],"about":[{"href":"https:\/\/www.domainesaintmitre.com\/index.php?rest_route=\/wp\/v2\/types\/product"}],"version-history":[{"count":7,"href":"https:\/\/www.domainesaintmitre.com\/index.php?rest_route=\/wp\/v2\/product\/12368\/revisions"}],"predecessor-version":[{"id":12379,"href":"https:\/\/www.domainesaintmitre.com\/index.php?rest_route=\/wp\/v2\/product\/12368\/revisions\/12379"}],"wp:featuredmedia":[{"embeddable":true,"href":"https:\/\/www.domainesaintmitre.com\/index.php?rest_route=\/wp\/v2\/media\/12369"}],"wp:attachment":[{"href":"https:\/\/www.domainesaintmitre.com\/index.php?rest_route=%2Fwp%2Fv2%2Fmedia&parent=12368"}],"wp:term":[{"taxonomy":"product_cat","embeddable":true,"href":"https:\/\/www.domainesaintmitre.com\/index.php?rest_route=%2Fwp%2Fv2%2Fproduct_cat&post=12368"},{"taxonomy":"product_tag","embeddable":true,"href":"https:\/\/www.domainesaintmitre.com\/index.php?rest_route=%2Fwp%2Fv2%2Fproduct_tag&post=12368"}],"curies":[{"name":"wp","href":"https:\/\/api.w.org\/{rel}","templated":true}]}}