{"id":6582,"date":"2002-08-11T14:11:23","date_gmt":"2002-08-11T12:11:23","guid":{"rendered":"https:\/\/lagar.vamtam.com\/?post_type=product&#038;p=6582"},"modified":"2026-01-08T10:23:46","modified_gmt":"2026-01-08T09:23:46","slug":"mozai-rose","status":"publish","type":"product","link":"https:\/\/www.domainesaintmitre.com\/?product=mozai-rose","title":{"rendered":"Cuv\u00e9e \u00ab MoZa\u00efk \u00bb <br\/>Ros\u00e9 2025<br\/> Carton de 6 bouteilles"},"content":{"rendered":"\t\t<div data-elementor-type=\"product-post\" data-elementor-id=\"6582\" class=\"elementor elementor-6582\" data-elementor-post-type=\"product\">\n\t\t\t\t\t\t<section class=\"elementor-section elementor-top-section elementor-element elementor-element-589fb00 elementor-section-boxed elementor-section-height-default elementor-section-height-default\" data-id=\"589fb00\" data-element_type=\"section\">\n\t\t\t\t\t\t<div class=\"elementor-container elementor-column-gap-default\">\n\t\t\t\t\t<div class=\"elementor-column elementor-col-100 elementor-top-column elementor-element elementor-element-9e87fbb\" data-id=\"9e87fbb\" data-element_type=\"column\">\n\t\t\t<div class=\"elementor-widget-wrap elementor-element-populated\">\n\t\t\t\t\t\t<div class=\"elementor-element elementor-element-4614788 elementor-widget elementor-widget-heading\" data-id=\"4614788\" data-element_type=\"widget\" data-widget_type=\"heading.default\">\n\t\t\t\t<div class=\"elementor-widget-container\">\n\t\t\t<style>\/*! elementor - v3.22.0 - 24-06-2024 *\/\n.elementor-heading-title{padding:0;margin:0;line-height:1}.elementor-widget-heading .elementor-heading-title[class*=elementor-size-]>a{color:inherit;font-size:inherit;line-height:inherit}.elementor-widget-heading .elementor-heading-title.elementor-size-small{font-size:15px}.elementor-widget-heading .elementor-heading-title.elementor-size-medium{font-size:19px}.elementor-widget-heading .elementor-heading-title.elementor-size-large{font-size:29px}.elementor-widget-heading .elementor-heading-title.elementor-size-xl{font-size:39px}.elementor-widget-heading .elementor-heading-title.elementor-size-xxl{font-size:59px}<\/style><h5 class=\"elementor-heading-title elementor-size-default\">Palmar\u00e8s<\/h5>\t\t<\/div>\n\t\t\t\t<\/div>\n\t\t\t\t<div class=\"elementor-element elementor-element-bd47b75 elementor-widget__width-initial elementor-widget elementor-widget-image-carousel\" data-id=\"bd47b75\" data-element_type=\"widget\" data-settings=\"{&quot;slides_to_show&quot;:&quot;2&quot;,&quot;slides_to_scroll&quot;:&quot;1&quot;,&quot;navigation&quot;:&quot;none&quot;,&quot;pause_on_hover&quot;:&quot;no&quot;,&quot;autoplay_speed&quot;:3000,&quot;slides_to_show_tablet&quot;:&quot;4&quot;,&quot;slides_to_scroll_tablet&quot;:&quot;1&quot;,&quot;speed&quot;:1000,&quot;slides_to_show_mobile&quot;:&quot;2&quot;,&quot;slides_to_scroll_mobile&quot;:&quot;1&quot;,&quot;autoplay&quot;:&quot;yes&quot;,&quot;pause_on_interaction&quot;:&quot;yes&quot;,&quot;infinite&quot;:&quot;yes&quot;}\" data-widget_type=\"image-carousel.default\">\n\t\t\t\t<div class=\"elementor-widget-container\">\n\t\t\t<style>\/*! elementor - v3.22.0 - 24-06-2024 *\/\n.elementor-widget-image-carousel .swiper,.elementor-widget-image-carousel .swiper-container{position:static}.elementor-widget-image-carousel .swiper-container .swiper-slide figure,.elementor-widget-image-carousel .swiper .swiper-slide figure{line-height:inherit}.elementor-widget-image-carousel .swiper-slide{text-align:center}.elementor-image-carousel-wrapper:not(.swiper-container-initialized):not(.swiper-initialized) .swiper-slide{max-width:calc(100% \/ var(--e-image-carousel-slides-to-show, 3))}<\/style>\t\t<div class=\"elementor-image-carousel-wrapper swiper\" dir=\"ltr\">\n\t\t\t<div class=\"elementor-image-carousel swiper-wrapper\" aria-live=\"off\">\n\t\t\t\t\t\t\t\t<div class=\"swiper-slide\" role=\"group\" aria-roledescription=\"slide\" aria-label=\"1 sur 2\"><figure class=\"swiper-slide-inner\"><img decoding=\"async\" loading=\"lazy\" class=\"swiper-slide-image\" src=\"https:\/\/www.domainesaintmitre.com\/wp-content\/uploads\/2025\/02\/med01-300x297.png\" alt=\"med01\" \/><\/figure><\/div><div class=\"swiper-slide\" role=\"group\" aria-roledescription=\"slide\" aria-label=\"2 sur 2\"><figure class=\"swiper-slide-inner\"><img decoding=\"async\" loading=\"lazy\" class=\"swiper-slide-image\" src=\"https:\/\/www.domainesaintmitre.com\/wp-content\/uploads\/2025\/02\/med02-300x297.png\" alt=\"med02\" \/><\/figure><\/div>\t\t\t<\/div>\n\t\t\t\t\t\t\t\n\t\t\t\t\t\t\t\t\t<\/div>\n\t\t\t\t<\/div>\n\t\t\t\t<\/div>\n\t\t\t\t<div class=\"elementor-element elementor-element-b4c21d2 elementor-widget elementor-widget-text-editor\" data-id=\"b4c21d2\" data-element_type=\"widget\" data-widget_type=\"text-editor.default\">\n\t\t\t\t<div class=\"elementor-widget-container\">\n\t\t\t<style>\/*! elementor - v3.22.0 - 24-06-2024 *\/\n.elementor-widget-text-editor.elementor-drop-cap-view-stacked .elementor-drop-cap{background-color:#69727d;color:#fff}.elementor-widget-text-editor.elementor-drop-cap-view-framed .elementor-drop-cap{color:#69727d;border:3px solid;background-color:transparent}.elementor-widget-text-editor:not(.elementor-drop-cap-view-default) .elementor-drop-cap{margin-top:8px}.elementor-widget-text-editor:not(.elementor-drop-cap-view-default) .elementor-drop-cap-letter{width:1em;height:1em}.elementor-widget-text-editor .elementor-drop-cap{float:left;text-align:center;line-height:1;font-size:50px}.elementor-widget-text-editor .elementor-drop-cap-letter{display:inline-block}<\/style>\t\t\t\t<p>S\u00e9lection Concours des Vins ELLE \u00e0 TABLE 2024<br \/>M\u00e9daille d\u2019or Vignerons Ind\u00e9pendants 2020.<\/p>\t\t\t\t\t\t<\/div>\n\t\t\t\t<\/div>\n\t\t\t\t<div class=\"elementor-element elementor-element-c329024 elementor-widget elementor-widget-heading\" data-id=\"c329024\" data-element_type=\"widget\" data-widget_type=\"heading.default\">\n\t\t\t\t<div class=\"elementor-widget-container\">\n\t\t\t<h5 class=\"elementor-heading-title elementor-size-default\">Vinification & \u00e9levage<\/h5>\t\t<\/div>\n\t\t\t\t<\/div>\n\t\t\t\t<div class=\"elementor-element elementor-element-dec2843 elementor-widget elementor-widget-text-editor\" data-id=\"dec2843\" data-element_type=\"widget\" data-widget_type=\"text-editor.default\">\n\t\t\t\t<div class=\"elementor-widget-container\">\n\t\t\t\t\t\t\t<p>\u00ab sols argilo-calcaires \u00bb<br \/>La vendange se d\u00e9roule tardivement, entre le 10 septembre et le 10 octobre.<br \/>Les nuits sont plus fra\u00eeches sur notre secteur de l\u2019arri\u00e8re-pays varois et notre vignoble est<br \/>situ\u00e9 \u00e0 une altitude de 300 m. La r\u00e9colte est r\u00e9alis\u00e9e de fa\u00e7on m\u00e9canique durant la nuit entre<br \/>3 et 9 heures le matin.<br \/>Les vignes sont tr\u00e8s proches de notre chai de vinification ce qui permet d\u2019apporter les raisins<br \/>tr\u00e8s rapidement au pressurage. La mac\u00e9ration pelliculaire est rapide : de 3 \u00e0 6 heures maximum pour les grenaches et 1 heure pour la syrah par exemple.<br \/>Le d\u00e9bourbage est effectu\u00e9 \u00e0 froid (entre 8 et 12\u00b0C) pendant 48 \u00e0 72 heures.<br \/>La fermentation alcoolique est lanc\u00e9e \u00e0 14\u00b0C et ensuite thermo-r\u00e9gul\u00e9e entre 16 et 18\u00b0C pendant 10 jours environ. Nous proc\u00e9dons ensuite \u00e0 un \u00e9levage sur lies fines en cuves inox et<br \/>b\u00e9ton pendant 2 mois. Toutes les cuves sont ensuite soutir\u00e9es puis filtr\u00e9es fin d\u00e9cembre.<br \/>Les assemblages sont men\u00e9s studieusement d\u00e9but janvier et le vin est pr\u00eat \u00e0 d\u00e9gustation<br \/>autour du 15 f\u00e9vrier.<\/p>\t\t\t\t\t\t<\/div>\n\t\t\t\t<\/div>\n\t\t\t\t<div class=\"elementor-element elementor-element-3565d80 elementor-widget elementor-widget-heading\" data-id=\"3565d80\" data-element_type=\"widget\" data-widget_type=\"heading.default\">\n\t\t\t\t<div class=\"elementor-widget-container\">\n\t\t\t<h5 class=\"elementor-heading-title elementor-size-default\">Assemblage<\/h5>\t\t<\/div>\n\t\t\t\t<\/div>\n\t\t\t\t<div class=\"elementor-element elementor-element-ab90e56 elementor-widget elementor-widget-text-editor\" data-id=\"ab90e56\" data-element_type=\"widget\" data-widget_type=\"text-editor.default\">\n\t\t\t\t<div class=\"elementor-widget-container\">\n\t\t\t\t\t\t\t<p><strong>Syrah :<\/strong> 30%<br \/><span style=\"font-style: normal; font-variant-ligatures: normal; font-variant-caps: normal; font-weight: bold; font-size: 20px; font-family: 'Cormorant Infant', sans-serif;\">Caladoc :<\/span><span style=\"font-family: 'Cormorant Infant', sans-serif; font-size: 20px; font-style: normal; font-variant-ligatures: normal; font-variant-caps: normal; font-weight: 400;\"> 20%<\/span><br \/><strong>Merlot : <\/strong>20%<br \/><strong>Cinsault :<\/strong> 10%<br \/><strong>Marselan :<\/strong> 10%<br \/><strong>Grenache :<\/strong>\u00a010%<\/p>\t\t\t\t\t\t<\/div>\n\t\t\t\t<\/div>\n\t\t\t\t<div class=\"elementor-element elementor-element-797d99d elementor-widget elementor-widget-heading\" data-id=\"797d99d\" data-element_type=\"widget\" data-widget_type=\"heading.default\">\n\t\t\t\t<div class=\"elementor-widget-container\">\n\t\t\t<h5 class=\"elementor-heading-title elementor-size-default\">D\u00e9gustation<\/h5>\t\t<\/div>\n\t\t\t\t<\/div>\n\t\t\t\t<div class=\"elementor-element elementor-element-19ffe89 elementor-widget elementor-widget-text-editor\" data-id=\"19ffe89\" data-element_type=\"widget\" data-widget_type=\"text-editor.default\">\n\t\t\t\t<div class=\"elementor-widget-container\">\n\t\t\t\t\t\t\t<p><strong>Robe<\/strong> : \u00e9clatante avec des nuances de rose p\u00e2le<br \/><strong>Nez<\/strong> : fruit\u00e9 et flatteur, beaucoup de gourmandise.<br \/><strong>Bouche<\/strong> : notes de fruits rouges et \u00e0 chair blanche. Fraiche<br \/>et tr\u00e8s fruit\u00e9e, ensemble \u00e9quilibr\u00e9 et plaisant, belle rondeur.<br \/>Un moment gourmand&#8230;<\/p>\t\t\t\t\t\t<\/div>\n\t\t\t\t<\/div>\n\t\t\t\t<div class=\"elementor-element elementor-element-72682d2 elementor-widget elementor-widget-heading\" data-id=\"72682d2\" data-element_type=\"widget\" data-widget_type=\"heading.default\">\n\t\t\t\t<div class=\"elementor-widget-container\">\n\t\t\t<h5 class=\"elementor-heading-title elementor-size-default\">Association Culinaire<\/h5>\t\t<\/div>\n\t\t\t\t<\/div>\n\t\t\t\t<div class=\"elementor-element elementor-element-2df3169 elementor-widget elementor-widget-text-editor\" data-id=\"2df3169\" data-element_type=\"widget\" data-widget_type=\"text-editor.default\">\n\t\t\t\t<div class=\"elementor-widget-container\">\n\t\t\t\t\t\t\t<p>Id\u00e9al pour emporter dans votre panier de piquenique au bord de la mer ou d\u2019un lac dans les montagnes, et pourquoi dans votre jardin lors des soir\u00e9es improvis\u00e9es&#8230;<br \/>A d\u00e9guster lors des repas en toute simplicit\u00e9: tarte<br \/>\u00e0 la tomate et basilic, ancho\u00efade et ses l\u00e9gumes<\/p>\t\t\t\t\t\t<\/div>\n\t\t\t\t<\/div>\n\t\t\t\t<div class=\"elementor-element elementor-element-d06d3b5 elementor-widget elementor-widget-button\" data-id=\"d06d3b5\" data-element_type=\"widget\" data-widget_type=\"button.default\">\n\t\t\t\t<div class=\"elementor-widget-container\">\n\t\t\t\t\t<div class=\"elementor-button-wrapper\">\n\t\t\t<a class=\"elementor-button elementor-button-link elementor-size-sm\" href=\"https:\/\/domainesaintmitre.com\/new\/fichesproduits\/fr\/mozaikrose2025.pdf\">\n\t\t\t\t\t\t<span class=\"elementor-button-content-wrapper\">\n\t\t\t\t\t\t\t\t\t<span class=\"elementor-button-text\">T\u00e9l\u00e9chargez la fiche technique en fran\u00e7ais<\/span>\n\t\t\t\t\t<\/span>\n\t\t\t\t\t<\/a>\n\t\t<\/div>\n\t\t\t\t<\/div>\n\t\t\t\t<\/div>\n\t\t\t\t<div class=\"elementor-element elementor-element-fea7e40 elementor-widget elementor-widget-button\" data-id=\"fea7e40\" data-element_type=\"widget\" data-widget_type=\"button.default\">\n\t\t\t\t<div class=\"elementor-widget-container\">\n\t\t\t\t\t<div class=\"elementor-button-wrapper\">\n\t\t\t<a class=\"elementor-button elementor-button-link elementor-size-sm\" href=\"https:\/\/domainesaintmitre.com\/new\/fichesproduits\/en\/mozaikrose2025.pdf\">\n\t\t\t\t\t\t<span class=\"elementor-button-content-wrapper\">\n\t\t\t\t\t\t\t\t\t<span class=\"elementor-button-text\">T\u00e9l\u00e9chargez la fiche technique en anglais<\/span>\n\t\t\t\t\t<\/span>\n\t\t\t\t\t<\/a>\n\t\t<\/div>\n\t\t\t\t<\/div>\n\t\t\t\t<\/div>\n\t\t\t\t\t<\/div>\n\t\t<\/div>\n\t\t\t\t\t<\/div>\n\t\t<\/section>\n\t\t\t\t<\/div>\n\t\t","protected":false},"excerpt":{"rendered":"<h5>IGP Vin de Pays du Var (75 cl) (Carton de 6 bouteilles)<\/h5>\n<p>GOURMANDISE &amp; L\u00c9G\u00c8RET\u00c9<\/p>\n","protected":false},"featured_media":9924,"template":"","meta":[],"product_cat":[33],"product_tag":[48],"class_list":{"0":"post-6582","1":"product","2":"type-product","3":"status-publish","4":"has-post-thumbnail","6":"product_cat-igp","7":"product_tag-rose","9":"first","10":"instock","11":"taxable","12":"shipping-taxable","13":"purchasable","14":"product-type-simple"},"_links":{"self":[{"href":"https:\/\/www.domainesaintmitre.com\/index.php?rest_route=\/wp\/v2\/product\/6582","targetHints":{"allow":["GET"]}}],"collection":[{"href":"https:\/\/www.domainesaintmitre.com\/index.php?rest_route=\/wp\/v2\/product"}],"about":[{"href":"https:\/\/www.domainesaintmitre.com\/index.php?rest_route=\/wp\/v2\/types\/product"}],"version-history":[{"count":53,"href":"https:\/\/www.domainesaintmitre.com\/index.php?rest_route=\/wp\/v2\/product\/6582\/revisions"}],"predecessor-version":[{"id":12287,"href":"https:\/\/www.domainesaintmitre.com\/index.php?rest_route=\/wp\/v2\/product\/6582\/revisions\/12287"}],"wp:featuredmedia":[{"embeddable":true,"href":"https:\/\/www.domainesaintmitre.com\/index.php?rest_route=\/wp\/v2\/media\/9924"}],"wp:attachment":[{"href":"https:\/\/www.domainesaintmitre.com\/index.php?rest_route=%2Fwp%2Fv2%2Fmedia&parent=6582"}],"wp:term":[{"taxonomy":"product_cat","embeddable":true,"href":"https:\/\/www.domainesaintmitre.com\/index.php?rest_route=%2Fwp%2Fv2%2Fproduct_cat&post=6582"},{"taxonomy":"product_tag","embeddable":true,"href":"https:\/\/www.domainesaintmitre.com\/index.php?rest_route=%2Fwp%2Fv2%2Fproduct_tag&post=6582"}],"curies":[{"name":"wp","href":"https:\/\/api.w.org\/{rel}","templated":true}]}}