{"id":6586,"date":"2020-08-11T14:13:45","date_gmt":"2020-08-11T14:13:45","guid":{"rendered":"https:\/\/lagar.vamtam.com\/?post_type=product&#038;p=6586"},"modified":"2026-01-08T10:25:22","modified_gmt":"2026-01-08T09:25:22","slug":"m-rose","status":"publish","type":"product","link":"https:\/\/www.domainesaintmitre.com\/?product=m-rose","title":{"rendered":"Cuv\u00e9e \u00ab M \u00bb<br\/>Ros\u00e9 2025<br\/>Carton de 6 bouteilles"},"content":{"rendered":"\t\t<div data-elementor-type=\"product-post\" data-elementor-id=\"6586\" class=\"elementor elementor-6586\" data-elementor-post-type=\"product\">\n\t\t\t\t\t\t<section class=\"elementor-section elementor-top-section elementor-element elementor-element-fb91ca9 elementor-section-boxed elementor-section-height-default elementor-section-height-default\" data-id=\"fb91ca9\" data-element_type=\"section\">\n\t\t\t\t\t\t<div class=\"elementor-container elementor-column-gap-default\">\n\t\t\t\t\t<div class=\"elementor-column elementor-col-100 elementor-top-column elementor-element elementor-element-a58514b\" data-id=\"a58514b\" data-element_type=\"column\">\n\t\t\t<div class=\"elementor-widget-wrap elementor-element-populated\">\n\t\t\t\t\t\t<div class=\"elementor-element elementor-element-60dfba4 elementor-widget elementor-widget-heading\" data-id=\"60dfba4\" data-element_type=\"widget\" data-widget_type=\"heading.default\">\n\t\t\t\t<div class=\"elementor-widget-container\">\n\t\t\t<style>\/*! elementor - v3.22.0 - 24-06-2024 *\/\n.elementor-heading-title{padding:0;margin:0;line-height:1}.elementor-widget-heading .elementor-heading-title[class*=elementor-size-]>a{color:inherit;font-size:inherit;line-height:inherit}.elementor-widget-heading .elementor-heading-title.elementor-size-small{font-size:15px}.elementor-widget-heading .elementor-heading-title.elementor-size-medium{font-size:19px}.elementor-widget-heading .elementor-heading-title.elementor-size-large{font-size:29px}.elementor-widget-heading .elementor-heading-title.elementor-size-xl{font-size:39px}.elementor-widget-heading .elementor-heading-title.elementor-size-xxl{font-size:59px}<\/style><h5 class=\"elementor-heading-title elementor-size-default\">Palmar\u00e8s<\/h5>\t\t<\/div>\n\t\t\t\t<\/div>\n\t\t\t\t<div class=\"elementor-element elementor-element-21428a4 elementor-widget__width-initial elementor-widget elementor-widget-image-carousel\" data-id=\"21428a4\" data-element_type=\"widget\" data-settings=\"{&quot;slides_to_show&quot;:&quot;3&quot;,&quot;slides_to_scroll&quot;:&quot;1&quot;,&quot;navigation&quot;:&quot;none&quot;,&quot;pause_on_hover&quot;:&quot;no&quot;,&quot;autoplay_speed&quot;:3000,&quot;slides_to_show_tablet&quot;:&quot;4&quot;,&quot;slides_to_scroll_tablet&quot;:&quot;1&quot;,&quot;speed&quot;:1000,&quot;slides_to_show_mobile&quot;:&quot;2&quot;,&quot;slides_to_scroll_mobile&quot;:&quot;1&quot;,&quot;autoplay&quot;:&quot;yes&quot;,&quot;pause_on_interaction&quot;:&quot;yes&quot;,&quot;infinite&quot;:&quot;yes&quot;}\" data-widget_type=\"image-carousel.default\">\n\t\t\t\t<div class=\"elementor-widget-container\">\n\t\t\t<style>\/*! elementor - v3.22.0 - 24-06-2024 *\/\n.elementor-widget-image-carousel .swiper,.elementor-widget-image-carousel .swiper-container{position:static}.elementor-widget-image-carousel .swiper-container .swiper-slide figure,.elementor-widget-image-carousel .swiper .swiper-slide figure{line-height:inherit}.elementor-widget-image-carousel .swiper-slide{text-align:center}.elementor-image-carousel-wrapper:not(.swiper-container-initialized):not(.swiper-initialized) .swiper-slide{max-width:calc(100% \/ var(--e-image-carousel-slides-to-show, 3))}<\/style>\t\t<div class=\"elementor-image-carousel-wrapper swiper\" dir=\"ltr\">\n\t\t\t<div class=\"elementor-image-carousel swiper-wrapper\" aria-live=\"off\">\n\t\t\t\t\t\t\t\t<div class=\"swiper-slide\" role=\"group\" aria-roledescription=\"slide\" aria-label=\"1 sur 3\"><figure class=\"swiper-slide-inner\"><img decoding=\"async\" loading=\"lazy\" class=\"swiper-slide-image\" src=\"https:\/\/www.domainesaintmitre.com\/wp-content\/uploads\/2024\/06\/01-1-300x300.png\" alt=\"01\" \/><\/figure><\/div><div class=\"swiper-slide\" role=\"group\" aria-roledescription=\"slide\" aria-label=\"2 sur 3\"><figure class=\"swiper-slide-inner\"><img decoding=\"async\" loading=\"lazy\" class=\"swiper-slide-image\" src=\"https:\/\/www.domainesaintmitre.com\/wp-content\/uploads\/2024\/06\/02-1.png\" alt=\"02\" \/><\/figure><\/div><div class=\"swiper-slide\" role=\"group\" aria-roledescription=\"slide\" aria-label=\"3 sur 3\"><figure class=\"swiper-slide-inner\"><img decoding=\"async\" loading=\"lazy\" class=\"swiper-slide-image\" src=\"https:\/\/www.domainesaintmitre.com\/wp-content\/uploads\/2025\/06\/iswc.png\" alt=\"iswc\" \/><\/figure><\/div>\t\t\t<\/div>\n\t\t\t\t\t\t\t\n\t\t\t\t\t\t\t\t\t<\/div>\n\t\t\t\t<\/div>\n\t\t\t\t<\/div>\n\t\t\t\t<div class=\"elementor-element elementor-element-adcf1d4 elementor-widget elementor-widget-text-editor\" data-id=\"adcf1d4\" data-element_type=\"widget\" data-widget_type=\"text-editor.default\">\n\t\t\t\t<div class=\"elementor-widget-container\">\n\t\t\t<style>\/*! elementor - v3.22.0 - 24-06-2024 *\/\n.elementor-widget-text-editor.elementor-drop-cap-view-stacked .elementor-drop-cap{background-color:#69727d;color:#fff}.elementor-widget-text-editor.elementor-drop-cap-view-framed .elementor-drop-cap{color:#69727d;border:3px solid;background-color:transparent}.elementor-widget-text-editor:not(.elementor-drop-cap-view-default) .elementor-drop-cap{margin-top:8px}.elementor-widget-text-editor:not(.elementor-drop-cap-view-default) .elementor-drop-cap-letter{width:1em;height:1em}.elementor-widget-text-editor .elementor-drop-cap{float:left;text-align:center;line-height:1;font-size:50px}.elementor-widget-text-editor .elementor-drop-cap-letter{display:inline-block}<\/style>\t\t\t\t<p>M\u00e9daille d\u2019ARGENT Concours Agricole de Paris 2022<br \/>M\u00e9daille d&rsquo;OR au concours grands vins de France \u00e0 MACON 2021<br \/>M\u00e9daille d \u2019ARGENT au concours vins de Provence 2021<br \/>\u00ab ar\u00f4mes de fruits doux et m\u00fbrs, en bouche : ar\u00f4mes de fraise, cerise et garrigue<br \/>Avec une finale l\u00e9g\u00e8re et savoureuse compl\u00e9t\u00e9e par une fra\u00eecheur d\u00e9licate\u00bb<br \/>Note : 86 Decanter \u2013 Ao\u00fbt 2019<\/p>\t\t\t\t\t\t<\/div>\n\t\t\t\t<\/div>\n\t\t\t\t<div class=\"elementor-element elementor-element-dc6ea8d elementor-widget elementor-widget-heading\" data-id=\"dc6ea8d\" data-element_type=\"widget\" data-widget_type=\"heading.default\">\n\t\t\t\t<div class=\"elementor-widget-container\">\n\t\t\t<h5 class=\"elementor-heading-title elementor-size-default\">Vinification & \u00e9levage<\/h5>\t\t<\/div>\n\t\t\t\t<\/div>\n\t\t\t\t<div class=\"elementor-element elementor-element-da1aa67 elementor-widget elementor-widget-text-editor\" data-id=\"da1aa67\" data-element_type=\"widget\" data-widget_type=\"text-editor.default\">\n\t\t\t\t<div class=\"elementor-widget-container\">\n\t\t\t\t\t\t\t<p>\u00ab sols argilo-calcaires \u00bb<br \/>La vendange se d\u00e9roule tardivement, entre le 10 septembre et le 10 octobre.<br \/>Les nuits sont plus fra\u00eeches sur notre secteur de l\u2019arri\u00e8re-pays varois et notre vignoble est<br \/>situ\u00e9 \u00e0 une altitude de 300 m.<br \/>La r\u00e9colte est r\u00e9alis\u00e9e de fa\u00e7on m\u00e9canique durant la nuit entre 3 et 9 heures le matin.<br \/>Les vignes sont tr\u00e8s proches de notre chai de vinification ce qui permet d\u2019apporter les raisins<br \/>tr\u00e8s rapidement au pressurage.<br \/>La mac\u00e9ration pelliculaire est rapide : de 3 \u00e0 6 heures maximum pour les grenaches et 1<br \/>heure pour la syrah par exemple.<br \/>Le d\u00e9bourbage est effectu\u00e9 \u00e0 froid (entre 8 et 12\u00b0C) pendant 48 \u00e0 72 heures.<br \/>La fermentation alcoolique est lanc\u00e9e \u00e0 14\u00b0C et ensuite thermo-r\u00e9gul\u00e9e entre 16 et 18\u00b0C pendant 10 jours environ.<br \/>Nous proc\u00e9dons ensuite \u00e0 un \u00e9levage sur lies fines en cuves inox et b\u00e9ton pendant 2 mois.<br \/>Toutes les cuves sont ensuite soutir\u00e9es puis filtr\u00e9es fin d\u00e9cembre.<br \/>Les assemblages sont men\u00e9s studieusement d\u00e9but janvier et le vin est pr\u00eat \u00e0 d\u00e9gustation<br \/>autour du 15 f\u00e9vrier.<\/p>\t\t\t\t\t\t<\/div>\n\t\t\t\t<\/div>\n\t\t\t\t<div class=\"elementor-element elementor-element-6ee42da elementor-widget elementor-widget-heading\" data-id=\"6ee42da\" data-element_type=\"widget\" data-widget_type=\"heading.default\">\n\t\t\t\t<div class=\"elementor-widget-container\">\n\t\t\t<h5 class=\"elementor-heading-title elementor-size-default\">Assemblage<\/h5>\t\t<\/div>\n\t\t\t\t<\/div>\n\t\t\t\t<div class=\"elementor-element elementor-element-528eb8b elementor-widget elementor-widget-text-editor\" data-id=\"528eb8b\" data-element_type=\"widget\" data-widget_type=\"text-editor.default\">\n\t\t\t\t<div class=\"elementor-widget-container\">\n\t\t\t\t\t\t\t<p><strong>Grenache :<\/strong> 40%<br \/><strong>Syrah :<\/strong> 30%<br \/><strong>Cinsault :<\/strong> 25%<br \/><strong>Rolle :<\/strong> 5%<\/p>\t\t\t\t\t\t<\/div>\n\t\t\t\t<\/div>\n\t\t\t\t<div class=\"elementor-element elementor-element-16dcdbf elementor-widget elementor-widget-heading\" data-id=\"16dcdbf\" data-element_type=\"widget\" data-widget_type=\"heading.default\">\n\t\t\t\t<div class=\"elementor-widget-container\">\n\t\t\t<h5 class=\"elementor-heading-title elementor-size-default\">D\u00e9gustation<\/h5>\t\t<\/div>\n\t\t\t\t<\/div>\n\t\t\t\t<div class=\"elementor-element elementor-element-1b3927c elementor-widget elementor-widget-text-editor\" data-id=\"1b3927c\" data-element_type=\"widget\" data-widget_type=\"text-editor.default\">\n\t\t\t\t<div class=\"elementor-widget-container\">\n\t\t\t\t\t\t\t<p><strong>Robe<\/strong> : \u00e9tincelante, rose tr\u00e8s p\u00e2le avec de jolies teintes litchi<br \/><strong>Nez<\/strong> : \u00e9l\u00e9gant et expressif, notes subtiles de fruits rouges (fraises fra\u00eeches\u2014framboises), avec une pointe florale.<br \/><strong>Bouche<\/strong> : expressive, friande tout en nuance de fruits rouges, et d\u2019agrumes.<br \/><br \/>El\u00e9gance, d\u00e9licatesse et finesse, le tout port\u00e9 par une belle fra\u00eecheur : c\u2019est un \u00e9quilibre parfait !<\/p>\t\t\t\t\t\t<\/div>\n\t\t\t\t<\/div>\n\t\t\t\t<div class=\"elementor-element elementor-element-f92bdaa elementor-widget elementor-widget-heading\" data-id=\"f92bdaa\" data-element_type=\"widget\" data-widget_type=\"heading.default\">\n\t\t\t\t<div class=\"elementor-widget-container\">\n\t\t\t<h5 class=\"elementor-heading-title elementor-size-default\">Association Culinaire<\/h5>\t\t<\/div>\n\t\t\t\t<\/div>\n\t\t\t\t<div class=\"elementor-element elementor-element-038d296 elementor-widget elementor-widget-text-editor\" data-id=\"038d296\" data-element_type=\"widget\" data-widget_type=\"text-editor.default\">\n\t\t\t\t<div class=\"elementor-widget-container\">\n\t\t\t\t\t\t\t<p>Id\u00e9al pour l\u2019ap\u00e9ritif et la table<br \/>Pour tous les moments de convivialit\u00e9, ce vin accompagnera parfaitement toutes vos recettes proven\u00e7ales, les grillades les salades d\u2019\u00e9t\u00e9 ou bien encore la cuisine exotique.<br \/>Quelques id\u00e9es : saumon gravlax, ceviche de daurade, po\u00eal\u00e9e de langoustines aux asperges vertes, curry de poulet au lait de coco.<\/p>\t\t\t\t\t\t<\/div>\n\t\t\t\t<\/div>\n\t\t\t\t<div class=\"elementor-element elementor-element-bbfd442 elementor-widget elementor-widget-button\" data-id=\"bbfd442\" data-element_type=\"widget\" data-widget_type=\"button.default\">\n\t\t\t\t<div class=\"elementor-widget-container\">\n\t\t\t\t\t<div class=\"elementor-button-wrapper\">\n\t\t\t<a class=\"elementor-button elementor-button-link elementor-size-sm\" href=\"https:\/\/domainesaintmitre.com\/new\/fichesproduits\/fr\/cuveem2025.pdf\">\n\t\t\t\t\t\t<span class=\"elementor-button-content-wrapper\">\n\t\t\t\t\t\t\t\t\t<span class=\"elementor-button-text\">T\u00e9l\u00e9chargez la fiche technique en fran\u00e7ais<\/span>\n\t\t\t\t\t<\/span>\n\t\t\t\t\t<\/a>\n\t\t<\/div>\n\t\t\t\t<\/div>\n\t\t\t\t<\/div>\n\t\t\t\t<div class=\"elementor-element elementor-element-1f31adc elementor-widget elementor-widget-button\" data-id=\"1f31adc\" data-element_type=\"widget\" data-widget_type=\"button.default\">\n\t\t\t\t<div class=\"elementor-widget-container\">\n\t\t\t\t\t<div class=\"elementor-button-wrapper\">\n\t\t\t<a class=\"elementor-button elementor-button-link elementor-size-sm\" href=\"https:\/\/domainesaintmitre.com\/new\/fichesproduits\/en\/cuveemrose2025.pdf\">\n\t\t\t\t\t\t<span class=\"elementor-button-content-wrapper\">\n\t\t\t\t\t\t\t\t\t<span class=\"elementor-button-text\">T\u00e9l\u00e9chargez la fiche technique en anglais<\/span>\n\t\t\t\t\t<\/span>\n\t\t\t\t\t<\/a>\n\t\t<\/div>\n\t\t\t\t<\/div>\n\t\t\t\t<\/div>\n\t\t\t\t\t<\/div>\n\t\t<\/div>\n\t\t\t\t\t<\/div>\n\t\t<\/section>\n\t\t\t\t<\/div>\n\t\t","protected":false},"excerpt":{"rendered":"<h5>A.O.P. COTEAUX VAROIS EN PROVENCE (75 cl) (Carton de 6 bouteilles)<\/h5>\n<h5><\/h5>\n<p>ELEGANCE &amp; FRAICHEUR<\/p>\n","protected":false},"featured_media":12246,"template":"","meta":[],"product_cat":[31],"product_tag":[68,69,48],"class_list":{"0":"post-6586","1":"product","2":"type-product","3":"status-publish","4":"has-post-thumbnail","6":"product_cat-aop","7":"product_tag-cuvee","8":"product_tag-m","9":"product_tag-rose","10":"product_shipping_class-etat-01","12":"first","13":"instock","14":"taxable","15":"shipping-taxable","16":"purchasable","17":"product-type-simple"},"_links":{"self":[{"href":"https:\/\/www.domainesaintmitre.com\/index.php?rest_route=\/wp\/v2\/product\/6586","targetHints":{"allow":["GET"]}}],"collection":[{"href":"https:\/\/www.domainesaintmitre.com\/index.php?rest_route=\/wp\/v2\/product"}],"about":[{"href":"https:\/\/www.domainesaintmitre.com\/index.php?rest_route=\/wp\/v2\/types\/product"}],"version-history":[{"count":46,"href":"https:\/\/www.domainesaintmitre.com\/index.php?rest_route=\/wp\/v2\/product\/6586\/revisions"}],"predecessor-version":[{"id":12290,"href":"https:\/\/www.domainesaintmitre.com\/index.php?rest_route=\/wp\/v2\/product\/6586\/revisions\/12290"}],"wp:featuredmedia":[{"embeddable":true,"href":"https:\/\/www.domainesaintmitre.com\/index.php?rest_route=\/wp\/v2\/media\/12246"}],"wp:attachment":[{"href":"https:\/\/www.domainesaintmitre.com\/index.php?rest_route=%2Fwp%2Fv2%2Fmedia&parent=6586"}],"wp:term":[{"taxonomy":"product_cat","embeddable":true,"href":"https:\/\/www.domainesaintmitre.com\/index.php?rest_route=%2Fwp%2Fv2%2Fproduct_cat&post=6586"},{"taxonomy":"product_tag","embeddable":true,"href":"https:\/\/www.domainesaintmitre.com\/index.php?rest_route=%2Fwp%2Fv2%2Fproduct_tag&post=6586"}],"curies":[{"name":"wp","href":"https:\/\/api.w.org\/{rel}","templated":true}]}}