{"id":6588,"date":"2020-08-11T14:14:21","date_gmt":"2020-08-11T14:14:21","guid":{"rendered":"https:\/\/lagar.vamtam.com\/?post_type=product&#038;p=6588"},"modified":"2026-01-08T10:26:56","modified_gmt":"2026-01-08T09:26:56","slug":"madon-rose","status":"publish","type":"product","link":"https:\/\/www.domainesaintmitre.com\/?product=madon-rose","title":{"rendered":"Cuv\u00e9e \u00ab Madon \u00bb <br\/>Ros\u00e9 2025<br\/> Carton de 6 bouteilles"},"content":{"rendered":"\t\t<div data-elementor-type=\"product-post\" data-elementor-id=\"6588\" class=\"elementor elementor-6588\" data-elementor-post-type=\"product\">\n\t\t\t\t\t\t<section class=\"elementor-section elementor-top-section elementor-element elementor-element-4a724e9 elementor-section-boxed elementor-section-height-default elementor-section-height-default\" data-id=\"4a724e9\" data-element_type=\"section\">\n\t\t\t\t\t\t<div class=\"elementor-container elementor-column-gap-default\">\n\t\t\t\t\t<div class=\"elementor-column elementor-col-100 elementor-top-column elementor-element elementor-element-47444e8\" data-id=\"47444e8\" data-element_type=\"column\">\n\t\t\t<div class=\"elementor-widget-wrap elementor-element-populated\">\n\t\t\t\t\t\t<div class=\"elementor-element elementor-element-a41be55 elementor-widget elementor-widget-heading\" data-id=\"a41be55\" data-element_type=\"widget\" data-widget_type=\"heading.default\">\n\t\t\t\t<div class=\"elementor-widget-container\">\n\t\t\t<style>\/*! elementor - v3.22.0 - 24-06-2024 *\/\n.elementor-heading-title{padding:0;margin:0;line-height:1}.elementor-widget-heading .elementor-heading-title[class*=elementor-size-]>a{color:inherit;font-size:inherit;line-height:inherit}.elementor-widget-heading .elementor-heading-title.elementor-size-small{font-size:15px}.elementor-widget-heading .elementor-heading-title.elementor-size-medium{font-size:19px}.elementor-widget-heading .elementor-heading-title.elementor-size-large{font-size:29px}.elementor-widget-heading .elementor-heading-title.elementor-size-xl{font-size:39px}.elementor-widget-heading .elementor-heading-title.elementor-size-xxl{font-size:59px}<\/style><h5 class=\"elementor-heading-title elementor-size-default\">Palmar\u00e8s<\/h5>\t\t<\/div>\n\t\t\t\t<\/div>\n\t\t\t\t<div class=\"elementor-element elementor-element-ad8d438 elementor-widget__width-initial elementor-widget elementor-widget-image-carousel\" data-id=\"ad8d438\" data-element_type=\"widget\" data-settings=\"{&quot;slides_to_show&quot;:&quot;5&quot;,&quot;slides_to_scroll&quot;:&quot;1&quot;,&quot;navigation&quot;:&quot;none&quot;,&quot;slides_to_show_tablet&quot;:&quot;4&quot;,&quot;slides_to_scroll_tablet&quot;:&quot;1&quot;,&quot;speed&quot;:1000,&quot;slides_to_show_mobile&quot;:&quot;2&quot;,&quot;slides_to_scroll_mobile&quot;:&quot;1&quot;,&quot;infinite&quot;:&quot;yes&quot;}\" data-widget_type=\"image-carousel.default\">\n\t\t\t\t<div class=\"elementor-widget-container\">\n\t\t\t<style>\/*! elementor - v3.22.0 - 24-06-2024 *\/\n.elementor-widget-image-carousel .swiper,.elementor-widget-image-carousel .swiper-container{position:static}.elementor-widget-image-carousel .swiper-container .swiper-slide figure,.elementor-widget-image-carousel .swiper .swiper-slide figure{line-height:inherit}.elementor-widget-image-carousel .swiper-slide{text-align:center}.elementor-image-carousel-wrapper:not(.swiper-container-initialized):not(.swiper-initialized) .swiper-slide{max-width:calc(100% \/ var(--e-image-carousel-slides-to-show, 3))}<\/style>\t\t<div class=\"elementor-image-carousel-wrapper swiper\" dir=\"ltr\">\n\t\t\t<div class=\"elementor-image-carousel swiper-wrapper\" aria-live=\"polite\">\n\t\t\t\t\t\t\t\t<div class=\"swiper-slide\" role=\"group\" aria-roledescription=\"slide\" aria-label=\"1 sur 5\"><figure class=\"swiper-slide-inner\"><img decoding=\"async\" loading=\"lazy\" class=\"swiper-slide-image\" src=\"https:\/\/www.domainesaintmitre.com\/wp-content\/uploads\/2025\/02\/2025-ARGENT-PARIS-MADONin-300x297.png\" alt=\"2025 ARGENT PARIS MADONin\" \/><\/figure><\/div><div class=\"swiper-slide\" role=\"group\" aria-roledescription=\"slide\" aria-label=\"2 sur 5\"><figure class=\"swiper-slide-inner\"><img decoding=\"async\" loading=\"lazy\" class=\"swiper-slide-image\" src=\"https:\/\/www.domainesaintmitre.com\/wp-content\/uploads\/2024\/06\/01-300x300.png\" alt=\"01\" \/><\/figure><\/div><div class=\"swiper-slide\" role=\"group\" aria-roledescription=\"slide\" aria-label=\"3 sur 5\"><figure class=\"swiper-slide-inner\"><img decoding=\"async\" loading=\"lazy\" class=\"swiper-slide-image\" src=\"https:\/\/www.domainesaintmitre.com\/wp-content\/uploads\/2024\/06\/02-300x300.png\" alt=\"02\" \/><\/figure><\/div><div class=\"swiper-slide\" role=\"group\" aria-roledescription=\"slide\" aria-label=\"4 sur 5\"><figure class=\"swiper-slide-inner\"><img decoding=\"async\" loading=\"lazy\" class=\"swiper-slide-image\" src=\"https:\/\/www.domainesaintmitre.com\/wp-content\/uploads\/2024\/06\/03.png\" alt=\"03\" \/><\/figure><\/div><div class=\"swiper-slide\" role=\"group\" aria-roledescription=\"slide\" aria-label=\"5 sur 5\"><figure class=\"swiper-slide-inner\"><img decoding=\"async\" loading=\"lazy\" class=\"swiper-slide-image\" src=\"https:\/\/www.domainesaintmitre.com\/wp-content\/uploads\/2024\/06\/04.jpg\" alt=\"VIargent2024\" \/><\/figure><\/div>\t\t\t<\/div>\n\t\t\t\t\t\t\t\n\t\t\t\t\t\t\t\t\t<\/div>\n\t\t\t\t<\/div>\n\t\t\t\t<\/div>\n\t\t\t\t<div class=\"elementor-element elementor-element-6253886 elementor-widget elementor-widget-text-editor\" data-id=\"6253886\" data-element_type=\"widget\" data-widget_type=\"text-editor.default\">\n\t\t\t\t<div class=\"elementor-widget-container\">\n\t\t\t<style>\/*! elementor - v3.22.0 - 24-06-2024 *\/\n.elementor-widget-text-editor.elementor-drop-cap-view-stacked .elementor-drop-cap{background-color:#69727d;color:#fff}.elementor-widget-text-editor.elementor-drop-cap-view-framed .elementor-drop-cap{color:#69727d;border:3px solid;background-color:transparent}.elementor-widget-text-editor:not(.elementor-drop-cap-view-default) .elementor-drop-cap{margin-top:8px}.elementor-widget-text-editor:not(.elementor-drop-cap-view-default) .elementor-drop-cap-letter{width:1em;height:1em}.elementor-widget-text-editor .elementor-drop-cap{float:left;text-align:center;line-height:1;font-size:50px}.elementor-widget-text-editor .elementor-drop-cap-letter{display:inline-block}<\/style>\t\t\t\t<p>M\u00e9daille d\u2019ARGENT au Concours Agricole de PARIS 2025 et 2022<br \/>M\u00e9daille d\u2019ARGENT Concours Vignerons Ind\u00e9pendants 2024<br \/>M\u00e9daille d\u2019OR au Concours des Vins De Provence 2022<\/p>\t\t\t\t\t\t<\/div>\n\t\t\t\t<\/div>\n\t\t\t\t<div class=\"elementor-element elementor-element-e06087e elementor-widget elementor-widget-heading\" data-id=\"e06087e\" data-element_type=\"widget\" data-widget_type=\"heading.default\">\n\t\t\t\t<div class=\"elementor-widget-container\">\n\t\t\t<h5 class=\"elementor-heading-title elementor-size-default\">Vinification & \u00e9levage<\/h5>\t\t<\/div>\n\t\t\t\t<\/div>\n\t\t\t\t<div class=\"elementor-element elementor-element-17cc2e8 elementor-widget elementor-widget-text-editor\" data-id=\"17cc2e8\" data-element_type=\"widget\" data-widget_type=\"text-editor.default\">\n\t\t\t\t<div class=\"elementor-widget-container\">\n\t\t\t\t\t\t\t<p>\u00ab sols argilo-calcaires \u00bb<br \/>La vendange se d\u00e9roule tardivement, entre le 10 septembre et le 10 octobre.<br \/>Les nuits sont plus fra\u00eeches sur notre secteur de l\u2019arri\u00e8re-pays varois et notre vignoble est situ\u00e9 \u00e0 une altitude de 300 m.<br \/>La r\u00e9colte est r\u00e9alis\u00e9e de fa\u00e7on m\u00e9canique durant la nuit entre 3 et 9 heures le matin.<br \/>Les vignes sont tr\u00e8s proches de notre chai de vinification ce qui permet d\u2019apporter les raisins tr\u00e8s rapidement au pressurage.<br \/>La mac\u00e9ration pelliculaire est rapide : de 3 \u00e0 6 heures maximum pour les grenaches et 1 heure pour la syrah par exemple.<\/p><p>Le d\u00e9bourbage est effectu\u00e9 \u00e0 froid (entre 8 et 12\u00b0C) pendant 48 \u00e0 72 heures.<br \/>La fermentation alcoolique est lanc\u00e9e \u00e0 14\u00b0C et ensuite thermo-r\u00e9gul\u00e9e entre 16 et 18\u00b0C pendant 10 jours environ.<br \/>Nous proc\u00e9dons ensuite \u00e0 un \u00e9levage sur lies fines en cuves inox et b\u00e9ton pendant 2 mois.<br \/>Toutes les cuves sont ensuite soutir\u00e9es puis filtr\u00e9es fin d\u00e9cembre.<\/p><p>Les assemblages sont men\u00e9s studieusement d\u00e9but janvier et le vin est pr\u00eat \u00e0 d\u00e9gustation autour du 15 f\u00e9vrier.<\/p>\t\t\t\t\t\t<\/div>\n\t\t\t\t<\/div>\n\t\t\t\t<div class=\"elementor-element elementor-element-d8e33b6 elementor-widget elementor-widget-heading\" data-id=\"d8e33b6\" data-element_type=\"widget\" data-widget_type=\"heading.default\">\n\t\t\t\t<div class=\"elementor-widget-container\">\n\t\t\t<h5 class=\"elementor-heading-title elementor-size-default\">Assemblage<\/h5>\t\t<\/div>\n\t\t\t\t<\/div>\n\t\t\t\t<div class=\"elementor-element elementor-element-7a7627d elementor-widget elementor-widget-text-editor\" data-id=\"7a7627d\" data-element_type=\"widget\" data-widget_type=\"text-editor.default\">\n\t\t\t\t<div class=\"elementor-widget-container\">\n\t\t\t\t\t\t\t<p><strong>Grenache :<\/strong> 85%<br \/><strong>Cinsault :<\/strong> 15%<\/p>\t\t\t\t\t\t<\/div>\n\t\t\t\t<\/div>\n\t\t\t\t<div class=\"elementor-element elementor-element-3378317 elementor-widget elementor-widget-heading\" data-id=\"3378317\" data-element_type=\"widget\" data-widget_type=\"heading.default\">\n\t\t\t\t<div class=\"elementor-widget-container\">\n\t\t\t<h5 class=\"elementor-heading-title elementor-size-default\">D\u00e9gustation<\/h5>\t\t<\/div>\n\t\t\t\t<\/div>\n\t\t\t\t<div class=\"elementor-element elementor-element-98a1b3d elementor-widget elementor-widget-text-editor\" data-id=\"98a1b3d\" data-element_type=\"widget\" data-widget_type=\"text-editor.default\">\n\t\t\t\t<div class=\"elementor-widget-container\">\n\t\t\t\t\t\t\t<p><strong>Robe<\/strong> : brillante, rose p\u00e2le avec de jolies nuances litchi<br \/><strong>Nez<\/strong> : complexe, notes florales (rose), et de fruits \u00e0 chair jaune<br \/><strong>Bouche<\/strong> : ample et ronde, joli relief<br \/>Ce vin propose un milieu de bouche d\u2019une belle intensit\u00e9 de fruits<br \/>jaunes (p\u00eache-abricot) et un zeste d\u2019agrumes.<br \/>Finesse, complexit\u00e9 et longueur. Beaucoup de g\u00e9n\u00e9rosit\u00e9.<\/p>\t\t\t\t\t\t<\/div>\n\t\t\t\t<\/div>\n\t\t\t\t<div class=\"elementor-element elementor-element-c839124 elementor-widget elementor-widget-heading\" data-id=\"c839124\" data-element_type=\"widget\" data-widget_type=\"heading.default\">\n\t\t\t\t<div class=\"elementor-widget-container\">\n\t\t\t<h5 class=\"elementor-heading-title elementor-size-default\">Association Culinaire<\/h5>\t\t<\/div>\n\t\t\t\t<\/div>\n\t\t\t\t<div class=\"elementor-element elementor-element-d3653cb elementor-widget elementor-widget-text-editor\" data-id=\"d3653cb\" data-element_type=\"widget\" data-widget_type=\"text-editor.default\">\n\t\t\t\t<div class=\"elementor-widget-container\">\n\t\t\t\t\t\t\t<p>Ros\u00e9 de gastronomie\u2026.Vin remarquable pour sa richesse, son plaisir et son raffinement.<br \/>A partager sur un magret de canard aux p\u00eaches, un risotto aux l\u00e9gumes de printemps ou des noix de St jacques r\u00f4ties aux \u00e9pices, ou bien encore une salade de fraises.<\/p>\t\t\t\t\t\t<\/div>\n\t\t\t\t<\/div>\n\t\t\t\t<div class=\"elementor-element elementor-element-a3df943 elementor-widget elementor-widget-button\" data-id=\"a3df943\" data-element_type=\"widget\" data-widget_type=\"button.default\">\n\t\t\t\t<div class=\"elementor-widget-container\">\n\t\t\t\t\t<div class=\"elementor-button-wrapper\">\n\t\t\t<a class=\"elementor-button elementor-button-link elementor-size-sm\" href=\"https:\/\/domainesaintmitre.com\/new\/fichesproduits\/fr\/madonrose2025.pdf\">\n\t\t\t\t\t\t<span class=\"elementor-button-content-wrapper\">\n\t\t\t\t\t\t\t\t\t<span class=\"elementor-button-text\">T\u00e9l\u00e9chargez la fiche technique en fran\u00e7ais<\/span>\n\t\t\t\t\t<\/span>\n\t\t\t\t\t<\/a>\n\t\t<\/div>\n\t\t\t\t<\/div>\n\t\t\t\t<\/div>\n\t\t\t\t<div class=\"elementor-element elementor-element-e8717f5 elementor-widget elementor-widget-button\" data-id=\"e8717f5\" data-element_type=\"widget\" data-widget_type=\"button.default\">\n\t\t\t\t<div class=\"elementor-widget-container\">\n\t\t\t\t\t<div class=\"elementor-button-wrapper\">\n\t\t\t<a class=\"elementor-button elementor-button-link elementor-size-sm\" href=\"https:\/\/domainesaintmitre.com\/new\/fichesproduits\/en\/madonrose2025.pdf\">\n\t\t\t\t\t\t<span class=\"elementor-button-content-wrapper\">\n\t\t\t\t\t\t\t\t\t<span class=\"elementor-button-text\">T\u00e9l\u00e9chargez la fiche technique en anglais<\/span>\n\t\t\t\t\t<\/span>\n\t\t\t\t\t<\/a>\n\t\t<\/div>\n\t\t\t\t<\/div>\n\t\t\t\t<\/div>\n\t\t\t\t\t<\/div>\n\t\t<\/div>\n\t\t\t\t\t<\/div>\n\t\t<\/section>\n\t\t\t\t<\/div>\n\t\t","protected":false},"excerpt":{"rendered":"<h5>A.O.P. COTEAUX VAROIS EN PROVENCE (75 cl) (Carton de 6 bouteilles)<\/h5>\n<p>COMPLEXITE &amp; GENEROSITE<\/p>\n","protected":false},"featured_media":12155,"template":"","meta":[],"product_cat":[31],"product_tag":[56,58,57,48],"class_list":{"0":"post-6588","1":"product","2":"type-product","3":"status-publish","4":"has-post-thumbnail","6":"product_cat-aop","7":"product_tag-56","8":"product_tag-aop","9":"product_tag-madon","10":"product_tag-rose","11":"product_shipping_class-etat-01","13":"first","14":"instock","15":"taxable","16":"shipping-taxable","17":"purchasable","18":"product-type-simple"},"_links":{"self":[{"href":"https:\/\/www.domainesaintmitre.com\/index.php?rest_route=\/wp\/v2\/product\/6588","targetHints":{"allow":["GET"]}}],"collection":[{"href":"https:\/\/www.domainesaintmitre.com\/index.php?rest_route=\/wp\/v2\/product"}],"about":[{"href":"https:\/\/www.domainesaintmitre.com\/index.php?rest_route=\/wp\/v2\/types\/product"}],"version-history":[{"count":60,"href":"https:\/\/www.domainesaintmitre.com\/index.php?rest_route=\/wp\/v2\/product\/6588\/revisions"}],"predecessor-version":[{"id":12293,"href":"https:\/\/www.domainesaintmitre.com\/index.php?rest_route=\/wp\/v2\/product\/6588\/revisions\/12293"}],"wp:featuredmedia":[{"embeddable":true,"href":"https:\/\/www.domainesaintmitre.com\/index.php?rest_route=\/wp\/v2\/media\/12155"}],"wp:attachment":[{"href":"https:\/\/www.domainesaintmitre.com\/index.php?rest_route=%2Fwp%2Fv2%2Fmedia&parent=6588"}],"wp:term":[{"taxonomy":"product_cat","embeddable":true,"href":"https:\/\/www.domainesaintmitre.com\/index.php?rest_route=%2Fwp%2Fv2%2Fproduct_cat&post=6588"},{"taxonomy":"product_tag","embeddable":true,"href":"https:\/\/www.domainesaintmitre.com\/index.php?rest_route=%2Fwp%2Fv2%2Fproduct_tag&post=6588"}],"curies":[{"name":"wp","href":"https:\/\/api.w.org\/{rel}","templated":true}]}}